{"id":2343,"date":"2023-05-23T14:13:22","date_gmt":"2023-05-23T14:13:22","guid":{"rendered":"https:\/\/btech-performance.com\/?page_id=2343"},"modified":"2023-05-23T15:07:02","modified_gmt":"2023-05-23T15:07:02","slug":"qui-somme-nous","status":"publish","type":"page","link":"https:\/\/btech-performance.com\/index.php\/qui-somme-nous\/","title":{"rendered":"Qui somme-nous"},"content":{"rendered":"\t\t<div data-elementor-type=\"wp-page\" data-elementor-id=\"2343\" class=\"elementor elementor-2343\">\n\t\t\t\t\t\t<div class=\"elementor-section elementor-top-section elementor-element elementor-element-d94f112 elementor-section-full_width elementor-section-height-default elementor-section-height-default\" data-id=\"d94f112\" data-element_type=\"section\" data-settings=\"{&quot;background_background&quot;:&quot;classic&quot;}\">\r\n\t\t\r\n\t\t\t\t\t\t\t<div class=\"elementor-container elementor-column-gap-no\">\r\n\t\t\t\t\t\t\t\t<div class=\"elementor-row\">\r\n\t\t\t\t\t\t\t<div class=\"elementor-column elementor-col-50 elementor-top-column elementor-element elementor-element-8beafaf\" data-id=\"8beafaf\" data-element_type=\"column\" data-settings=\"{&quot;background_background&quot;:&quot;classic&quot;}\">\r\n\t\t\t\t\t<div class=\"elementor-column-wrap elementor-element-populated\">\r\n\t\t\t\t\t\t\t<div class=\"elementor-widget-wrap\">\r\n\t\t\t\t\t\t<div data-plugin-parallax=\"\" data-plugin-options=\"{&quot;speed&quot;: 1.5}\" class=\"elementor-section elementor-inner-section elementor-element elementor-element-13d2a8d elementor-section-boxed elementor-section-height-default elementor-section-height-default\" data-id=\"13d2a8d\" data-element_type=\"section\" data-settings=\"{&quot;background_background&quot;:&quot;classic&quot;}\">\r\n\t\t\r\n\t\t\t\t\t\t\t<div class=\"elementor-container elementor-column-gap-default\">\r\n\t\t\t\t\t\t\t\t<div class=\"elementor-row\">\r\n\t\t\t\t\t\t\t<div class=\"elementor-column elementor-col-100 elementor-inner-column elementor-element elementor-element-aa0103d\" data-id=\"aa0103d\" data-element_type=\"column\">\r\n\t\t\t\t\t<div class=\"elementor-column-wrap\">\r\n\t\t\t\t\t\t\t<div class=\"elementor-widget-wrap\">\r\n\t\t\t\t\t\t\t\t<\/div>\r\n\t\t\t\t\t<\/div>\r\n\t\t\t\t<\/div>\r\n\t\t\t\t\t<\/div>\r\n\t\t\t\t\t<\/div>\r\n\t\t\t\t<\/div>\r\n\t\t\t\t\t\t<\/div>\r\n\t\t\t\t\t<\/div>\r\n\t\t\t\t<\/div>\r\n\t\t\t\t<div class=\"elementor-column elementor-col-50 elementor-top-column elementor-element elementor-element-19b6a49\" data-id=\"19b6a49\" data-element_type=\"column\" data-settings=\"{&quot;background_background&quot;:&quot;classic&quot;}\">\r\n\t\t\t\t\t<div class=\"col-half-section col-fullwidth-md elementor-column-wrap elementor-element-populated\">\r\n\t\t\t\t\t\t\t<div class=\"elementor-widget-wrap\">\r\n\t\t\t\t\t\t<div class=\"elementor-element elementor-element-a63fd65 ml-lg-5 elementor-widget__width-initial elementor-widget elementor-widget-porto_ultimate_heading\" data-id=\"a63fd65\" data-element_type=\"widget\" data-widget_type=\"porto_ultimate_heading.default\">\n\t\t\t\t<div class=\"elementor-widget-container\">\n\t\t\t<div class=\"porto-u-heading  porto-u-3176\"><div class=\"porto-u-sub-heading\" style=\"\"><p class=\"p1\">Btech-Performance est une soci\u00e9t\u00e9 sp\u00e9cialis\u00e9e dans la fabrication de pi\u00e8ces pour motos. Forte d'une exp\u00e9rience solide dans l'industrie, notre entreprise s'est positionn\u00e9e comme un leader dans le domaine, offrant des produits de haute qualit\u00e9 et des solutions innovantes pour les amateurs de motos du monde entier.<\/p><p class=\"p1\">Notre mission est de fournir des pi\u00e8ces de moto performantes, fiables et durables, qui am\u00e9liorent les performances, la s\u00e9curit\u00e9 et l'esth\u00e9tique des deux-roues. Nous sommes passionn\u00e9s par les motos et notre \u00e9quipe est compos\u00e9e d'experts comp\u00e9tents et enthousiastes qui mettent tout en \u0153uvre pour offrir des produits exceptionnels.<\/p><\/div><style>.porto-u-3176.porto-u-heading{text-align:left}<\/style><\/div>\t\t<\/div>\n\t\t\t\t<\/div>\n\t\t\t\t\t\t<\/div>\r\n\t\t\t\t\t<\/div>\r\n\t\t\t\t<\/div>\r\n\t\t\t\t\t<\/div>\r\n\t\t\t\t\t<\/div>\r\n\t\t\t\t<\/div>\r\n\t\t\t\t<div class=\"elementor-section elementor-top-section elementor-element elementor-element-470ec0b elementor-section-full_width elementor-section-height-default elementor-section-height-default\" data-id=\"470ec0b\" data-element_type=\"section\" data-settings=\"{&quot;background_background&quot;:&quot;classic&quot;}\">\r\n\t\t\r\n\t\t\t\t\t\t\t<div class=\"elementor-container elementor-column-gap-no\">\r\n\t\t\t\t\t\t\t\t<div class=\"elementor-row\">\r\n\t\t\t\t\t\t\t<div class=\"elementor-column elementor-col-50 elementor-top-column elementor-element elementor-element-375ee06 order-lg-last\" data-id=\"375ee06\" data-element_type=\"column\" data-settings=\"{&quot;background_background&quot;:&quot;classic&quot;}\">\r\n\t\t\t\t\t<div class=\"elementor-column-wrap elementor-element-populated\">\r\n\t\t\t\t\t\t\t<div class=\"elementor-widget-wrap\">\r\n\t\t\t\t\t\t<div data-plugin-parallax=\"\" data-plugin-options=\"{&quot;speed&quot;: 1.5}\" class=\"elementor-section elementor-inner-section elementor-element elementor-element-d97cef5 elementor-section-boxed elementor-section-height-default elementor-section-height-default\" data-id=\"d97cef5\" data-element_type=\"section\" data-settings=\"{&quot;background_background&quot;:&quot;classic&quot;}\">\r\n\t\t\r\n\t\t\t\t\t\t\t<div class=\"elementor-container elementor-column-gap-default\">\r\n\t\t\t\t\t\t\t\t<div class=\"elementor-row\">\r\n\t\t\t\t\t\t\t<div class=\"elementor-column elementor-col-100 elementor-inner-column elementor-element elementor-element-bea86ea\" data-id=\"bea86ea\" data-element_type=\"column\">\r\n\t\t\t\t\t<div class=\"elementor-column-wrap\">\r\n\t\t\t\t\t\t\t<div class=\"elementor-widget-wrap\">\r\n\t\t\t\t\t\t\t\t<\/div>\r\n\t\t\t\t\t<\/div>\r\n\t\t\t\t<\/div>\r\n\t\t\t\t\t<\/div>\r\n\t\t\t\t\t<\/div>\r\n\t\t\t\t<\/div>\r\n\t\t\t\t\t\t<\/div>\r\n\t\t\t\t\t<\/div>\r\n\t\t\t\t<\/div>\r\n\t\t\t\t<div class=\"elementor-column elementor-col-50 elementor-top-column elementor-element elementor-element-cb09935\" data-id=\"cb09935\" data-element_type=\"column\" data-settings=\"{&quot;background_background&quot;:&quot;classic&quot;}\">\r\n\t\t\t\t\t<div class=\"col-half-section col-half-section-right col-fullwidth-md elementor-column-wrap elementor-element-populated\">\r\n\t\t\t\t\t\t\t<div class=\"elementor-widget-wrap\">\r\n\t\t\t\t\t\t<div class=\"elementor-element elementor-element-74f0c40 ml-lg-auto mr-lg-5 elementor-widget__width-initial elementor-widget elementor-widget-porto_ultimate_heading\" data-id=\"74f0c40\" data-element_type=\"widget\" data-widget_type=\"porto_ultimate_heading.default\">\n\t\t\t\t<div class=\"elementor-widget-container\">\n\t\t\t<div class=\"porto-u-heading  porto-u-3807\"><div class=\"porto-u-sub-heading\" style=\"\"><p class=\"p1\">Chez Btech-Performance, nous attachons une grande importance \u00e0 la recherche et au d\u00e9veloppement. Nous investissons continuellement dans de nouvelles technologies, des mat\u00e9riaux de pointe et des processus de fabrication innovants pour cr\u00e9er des pi\u00e8ces de moto de qualit\u00e9 sup\u00e9rieure. Notre objectif est de repousser les limites de la performance et d'offrir des produits qui d\u00e9passent les attentes de nos clients.<\/p><p class=\"p1\">Nous nous engageons \u00e9galement \u00e0 fournir un service client de premier ordre. Nous comprenons l'importance de r\u00e9pondre aux besoins de nos clients, qu'il s'agisse de particuliers passionn\u00e9s de motos ou de professionnels de l'industrie. Notre \u00e9quipe est toujours pr\u00eate \u00e0 fournir des conseils d'experts, \u00e0 r\u00e9pondre aux questions et \u00e0 garantir une satisfaction totale.<\/p><\/div><style>.porto-u-3807.porto-u-heading{text-align:left}<\/style><\/div>\t\t<\/div>\n\t\t\t\t<\/div>\n\t\t\t\t\t\t<\/div>\r\n\t\t\t\t\t<\/div>\r\n\t\t\t\t<\/div>\r\n\t\t\t\t\t<\/div>\r\n\t\t\t\t\t<\/div>\r\n\t\t\t\t<\/div>\r\n\t\t\t\t<div class=\"elementor-section elementor-top-section elementor-element elementor-element-327272f elementor-section-full_width elementor-section-height-default elementor-section-height-default\" data-id=\"327272f\" data-element_type=\"section\" data-settings=\"{&quot;background_background&quot;:&quot;classic&quot;}\">\r\n\t\t\r\n\t\t\t\t\t\t\t<div class=\"elementor-container elementor-column-gap-no\">\r\n\t\t\t\t\t\t\t\t<div class=\"elementor-row\">\r\n\t\t\t\t\t\t\t<div class=\"elementor-column elementor-col-50 elementor-top-column elementor-element elementor-element-aaee2a0\" data-id=\"aaee2a0\" data-element_type=\"column\" data-settings=\"{&quot;background_background&quot;:&quot;classic&quot;}\">\r\n\t\t\t\t\t<div class=\"elementor-column-wrap elementor-element-populated\">\r\n\t\t\t\t\t\t\t<div class=\"elementor-widget-wrap\">\r\n\t\t\t\t\t\t<div data-plugin-parallax=\"\" data-plugin-options=\"{&quot;speed&quot;: 1.5}\" class=\"elementor-section elementor-inner-section elementor-element elementor-element-cfe152a elementor-section-boxed elementor-section-height-default elementor-section-height-default\" data-id=\"cfe152a\" data-element_type=\"section\" data-settings=\"{&quot;background_background&quot;:&quot;classic&quot;}\">\r\n\t\t\r\n\t\t\t\t\t\t\t<div class=\"elementor-container elementor-column-gap-default\">\r\n\t\t\t\t\t\t\t\t<div class=\"elementor-row\">\r\n\t\t\t\t\t\t\t<div class=\"elementor-column elementor-col-100 elementor-inner-column elementor-element elementor-element-ee355b1\" data-id=\"ee355b1\" data-element_type=\"column\">\r\n\t\t\t\t\t<div class=\"elementor-column-wrap\">\r\n\t\t\t\t\t\t\t<div class=\"elementor-widget-wrap\">\r\n\t\t\t\t\t\t\t\t<\/div>\r\n\t\t\t\t\t<\/div>\r\n\t\t\t\t<\/div>\r\n\t\t\t\t\t<\/div>\r\n\t\t\t\t\t<\/div>\r\n\t\t\t\t<\/div>\r\n\t\t\t\t\t\t<\/div>\r\n\t\t\t\t\t<\/div>\r\n\t\t\t\t<\/div>\r\n\t\t\t\t<div class=\"elementor-column elementor-col-50 elementor-top-column elementor-element elementor-element-9e40ff7\" data-id=\"9e40ff7\" data-element_type=\"column\" data-settings=\"{&quot;background_background&quot;:&quot;classic&quot;}\">\r\n\t\t\t\t\t<div class=\"col-half-section col-fullwidth-md elementor-column-wrap elementor-element-populated\">\r\n\t\t\t\t\t\t\t<div class=\"elementor-widget-wrap\">\r\n\t\t\t\t\t\t<div class=\"elementor-element elementor-element-b6f7698 ml-lg-5 elementor-widget__width-initial elementor-widget elementor-widget-porto_ultimate_heading\" data-id=\"b6f7698\" data-element_type=\"widget\" data-widget_type=\"porto_ultimate_heading.default\">\n\t\t\t\t<div class=\"elementor-widget-container\">\n\t\t\t<div class=\"porto-u-heading  porto-u-2893\"><div class=\"porto-u-sub-heading\" style=\"\"><p class=\"p1\">En tant que soci\u00e9t\u00e9 ax\u00e9e sur la qualit\u00e9 et l'innovation, nous nous effor\u00e7ons de maintenir des normes \u00e9lev\u00e9es dans tout ce que nous faisons. Nous sommes fiers de la fiabilit\u00e9 et de la durabilit\u00e9 de nos produits, ainsi que de notre engagement envers l'excellence op\u00e9rationnelle.<\/p><p class=\"p1\">Que vous soyez un pilote de course, un amateur de moto ou un professionnel de l'industrie, Btech-Performance est votre partenaire de confiance pour des pi\u00e8ces de moto de haute qualit\u00e9. Faites confiance \u00e0 notre expertise et \u00e0 notre engagement envers l'excellence pour am\u00e9liorer les performances et l'exp\u00e9rience de conduite de votre moto.<\/p><\/div><style>.porto-u-2893.porto-u-heading{text-align:left}<\/style><\/div>\t\t<\/div>\n\t\t\t\t<\/div>\n\t\t\t\t\t\t<\/div>\r\n\t\t\t\t\t<\/div>\r\n\t\t\t\t<\/div>\r\n\t\t\t\t\t<\/div>\r\n\t\t\t\t\t<\/div>\r\n\t\t\t\t<\/div>\r\n\t\t\t\t<\/div>\n\t\t","protected":false},"excerpt":{"rendered":"<p>Btech-Performance est une soci\u00e9t\u00e9 sp\u00e9cialis\u00e9e dans la fabrication de pi\u00e8ces pour motos. Forte d&#8217;une exp\u00e9rience solide dans l&#8217;industrie, notre entreprise s&#8217;est positionn\u00e9e comme un leader dans le domaine, offrant des produits de haute qualit\u00e9 et des solutions innovantes pour les amateurs de motos du monde entier. Notre mission est de fournir des pi\u00e8ces de moto [&hellip;]<\/p>\n","protected":false},"author":1,"featured_media":0,"parent":0,"menu_order":0,"comment_status":"closed","ping_status":"closed","template":"","meta":{"footnotes":""},"class_list":["post-2343","page","type-page","status-publish","hentry"],"_links":{"self":[{"href":"https:\/\/btech-performance.com\/index.php\/wp-json\/wp\/v2\/pages\/2343"}],"collection":[{"href":"https:\/\/btech-performance.com\/index.php\/wp-json\/wp\/v2\/pages"}],"about":[{"href":"https:\/\/btech-performance.com\/index.php\/wp-json\/wp\/v2\/types\/page"}],"author":[{"embeddable":true,"href":"https:\/\/btech-performance.com\/index.php\/wp-json\/wp\/v2\/users\/1"}],"replies":[{"embeddable":true,"href":"https:\/\/btech-performance.com\/index.php\/wp-json\/wp\/v2\/comments?post=2343"}],"version-history":[{"count":4,"href":"https:\/\/btech-performance.com\/index.php\/wp-json\/wp\/v2\/pages\/2343\/revisions"}],"predecessor-version":[{"id":2367,"href":"https:\/\/btech-performance.com\/index.php\/wp-json\/wp\/v2\/pages\/2343\/revisions\/2367"}],"wp:attachment":[{"href":"https:\/\/btech-performance.com\/index.php\/wp-json\/wp\/v2\/media?parent=2343"}],"curies":[{"name":"wp","href":"https:\/\/api.w.org\/{rel}","templated":true}]}}