{"id":2511,"date":"2024-07-13T11:57:47","date_gmt":"2024-07-13T11:57:47","guid":{"rendered":"https:\/\/btech-performance.com\/?post_type=product&#038;p=2511"},"modified":"2024-07-13T11:57:47","modified_gmt":"2024-07-13T11:57:47","slug":"top-case-aluminium-btech-performance-noir-65l","status":"publish","type":"product","link":"https:\/\/btech-performance.com\/index.php\/product\/top-case-aluminium-btech-performance-noir-65l\/","title":{"rendered":"TOP CASE ALUMINIUM BTECH PERFORMANCE NOIR 65L"},"content":{"rendered":"","protected":false},"excerpt":{"rendered":"<ul class=\"bs-features\">\n<li>Bagtecs XB65 Moto Topcase en aluminium de 65 litres<\/li>\n<li>Top Case pour un transport parfait des bagages et un v\u00e9ritable look d\u2019aventure<\/li>\n<li>Extr\u00eamement stable et r\u00e9sistant, fabriqu\u00e9 en aluminium<\/li>\n<li>Etanche \u00e0 l\u2019eau et \u00e0 la poussi\u00e8re gr\u00e2ce au joint p\u00e9riph\u00e9rique du couvercle et \u00e0 l\u2019\u00e9tanch\u00e9it\u00e9 des plis<\/li>\n<li>Coins r\u00e9duits, prot\u00e9g\u00e9s par des protections en plastique<\/li>\n<li>Syst\u00e8mes d\u2019arrimage sur les couvercles des valises pour la fixation de bagages suppl\u00e9mentaires<\/li>\n<li>Mesures de la valise : largeur 565mm, hauteur 330mm, profondeur 380mm, volume 65 litres<\/li>\n<li>Fermeture \u00e0 cl\u00e9 pour prot\u00e9ger le contenu<\/li>\n<li><strong>Livraison<\/strong>\u00a0: 1x top case en aluminium, cl\u00e9, porte-top case et mat\u00e9riel de montage<\/li>\n<li><strong>Important<\/strong>\u00a0: il s\u2019agit d\u2019un article universel. Veuillez v\u00e9rifier \u00e0 l\u2019aide des dimensions et des photos si l\u2019article est adapt\u00e9 \u00e0 la moto souhait\u00e9e. Les mod\u00e8les mentionn\u00e9s ne sont donn\u00e9s qu\u2019\u00e0 titre d\u2019exemple. Des adaptations peuvent s\u2019av\u00e9rer n\u00e9cessaires<\/li>\n<\/ul>\n","protected":false},"featured_media":2517,"comment_status":"open","ping_status":"closed","template":"","meta":[],"product_cat":[61],"product_tag":[],"class_list":{"0":"post-2511","1":"product","2":"type-product","3":"status-publish","4":"has-post-thumbnail","6":"product_cat-top-case","8":"first","9":"instock","10":"sale","11":"taxable","12":"shipping-taxable","13":"purchasable","14":"product-type-simple"},"_links":{"self":[{"href":"https:\/\/btech-performance.com\/index.php\/wp-json\/wp\/v2\/product\/2511"}],"collection":[{"href":"https:\/\/btech-performance.com\/index.php\/wp-json\/wp\/v2\/product"}],"about":[{"href":"https:\/\/btech-performance.com\/index.php\/wp-json\/wp\/v2\/types\/product"}],"replies":[{"embeddable":true,"href":"https:\/\/btech-performance.com\/index.php\/wp-json\/wp\/v2\/comments?post=2511"}],"version-history":[{"count":0,"href":"https:\/\/btech-performance.com\/index.php\/wp-json\/wp\/v2\/product\/2511\/revisions"}],"wp:featuredmedia":[{"embeddable":true,"href":"https:\/\/btech-performance.com\/index.php\/wp-json\/wp\/v2\/media\/2517"}],"wp:attachment":[{"href":"https:\/\/btech-performance.com\/index.php\/wp-json\/wp\/v2\/media?parent=2511"}],"wp:term":[{"taxonomy":"product_cat","embeddable":true,"href":"https:\/\/btech-performance.com\/index.php\/wp-json\/wp\/v2\/product_cat?post=2511"},{"taxonomy":"product_tag","embeddable":true,"href":"https:\/\/btech-performance.com\/index.php\/wp-json\/wp\/v2\/product_tag?post=2511"}],"curies":[{"name":"wp","href":"https:\/\/api.w.org\/{rel}","templated":true}]}}