{"id":2518,"date":"2024-07-13T12:06:41","date_gmt":"2024-07-13T12:06:41","guid":{"rendered":"https:\/\/btech-performance.com\/?post_type=product&#038;p=2518"},"modified":"2024-07-13T12:06:41","modified_gmt":"2024-07-13T12:06:41","slug":"top-case-aluminium-btech-performance-gris-45l","status":"publish","type":"product","link":"https:\/\/btech-performance.com\/index.php\/product\/top-case-aluminium-btech-performance-gris-45l\/","title":{"rendered":"TOP CASE ALUMINIUM BTECH PERFORMANCE GRIS 45L"},"content":{"rendered":"<p><strong>Top case universel qui fonctionne avec tous types de motos<\/strong><\/p>\n<ul>\n<li>Protection contre l\u2019oxydation et l\u2019abrasion gr\u00e2ce \u00e0 une finition \u00e9poxy noire<\/li>\n<li>Topcase Premium en aluminium de 1,5 mm d\u2019\u00e9paisseur<\/li>\n<li>Couvercle rabattable avec limiteur d\u2019ouverture, fermeture en acier inoxydable, poign\u00e9e de manipulation robuste et points d\u2019arrimage int\u00e9gr\u00e9s<\/li>\n<li>100 % \u00e9tanche \u00e0 l\u2019eau et aux poussi\u00e8res gr\u00e2ce aux soudures et rivets punch\u00e9s par automate<\/li>\n<li>Protection anti-vol : couvercle de valise et valise verrouillables sur le support<\/li>\n<li>Robustesse \u00e9lev\u00e9e gr\u00e2ce \u00e0 un embossage fonctionnel et esth\u00e9tique<\/li>\n<li>Protection suppl\u00e9mentaire gr\u00e2ce aux coins en polyamide renforc\u00e9 de fibres de verre<\/li>\n<li>Surface facile \u00e0 nettoyer<\/li>\n<li>Jeu de 2 serrures jumelles \u00e9galement disponible en option, inclus dans la livraison du kit top case<\/li>\n<\/ul>\n","protected":false},"excerpt":{"rendered":"<p><strong>Top case universel qui fonctionne avec tous types de motos<\/strong><\/p>\n","protected":false},"featured_media":2523,"comment_status":"open","ping_status":"closed","template":"","meta":[],"product_cat":[61],"product_tag":[],"class_list":{"0":"post-2518","1":"product","2":"type-product","3":"status-publish","4":"has-post-thumbnail","6":"product_cat-top-case","8":"first","9":"instock","10":"sale","11":"purchasable","12":"product-type-simple"},"_links":{"self":[{"href":"https:\/\/btech-performance.com\/index.php\/wp-json\/wp\/v2\/product\/2518"}],"collection":[{"href":"https:\/\/btech-performance.com\/index.php\/wp-json\/wp\/v2\/product"}],"about":[{"href":"https:\/\/btech-performance.com\/index.php\/wp-json\/wp\/v2\/types\/product"}],"replies":[{"embeddable":true,"href":"https:\/\/btech-performance.com\/index.php\/wp-json\/wp\/v2\/comments?post=2518"}],"version-history":[{"count":0,"href":"https:\/\/btech-performance.com\/index.php\/wp-json\/wp\/v2\/product\/2518\/revisions"}],"wp:featuredmedia":[{"embeddable":true,"href":"https:\/\/btech-performance.com\/index.php\/wp-json\/wp\/v2\/media\/2523"}],"wp:attachment":[{"href":"https:\/\/btech-performance.com\/index.php\/wp-json\/wp\/v2\/media?parent=2518"}],"wp:term":[{"taxonomy":"product_cat","embeddable":true,"href":"https:\/\/btech-performance.com\/index.php\/wp-json\/wp\/v2\/product_cat?post=2518"},{"taxonomy":"product_tag","embeddable":true,"href":"https:\/\/btech-performance.com\/index.php\/wp-json\/wp\/v2\/product_tag?post=2518"}],"curies":[{"name":"wp","href":"https:\/\/api.w.org\/{rel}","templated":true}]}}